{"id":945,"date":"2024-05-20T10:22:29","date_gmt":"2024-05-20T10:22:29","guid":{"rendered":"https:\/\/themes.webswaala.com\/CMS\/WW21\/?page_id=945"},"modified":"2026-03-11T14:33:04","modified_gmt":"2026-03-11T14:33:04","slug":"home1","status":"publish","type":"page","link":"https:\/\/festival-ai.com\/home1\/","title":{"rendered":"home"},"content":{"rendered":"\t\t<div data-elementor-type=\"wp-page\" data-elementor-id=\"945\" class=\"elementor elementor-945\" data-elementor-post-type=\"page\">\n\t\t\t\t\t\t<div class=\"elementor-section elementor-top-section elementor-element elementor-element-a8b0be7 elementor-reverse-mobile elementor-section-boxed elementor-section-height-default elementor-section-height-default wpr-particle-no wpr-jarallax-no wpr-parallax-no wpr-sticky-section-no\" data-id=\"a8b0be7\" data-element_type=\"section\">\n\t\t\t\t\t\t<div class=\"elementor-container elementor-column-gap-default\">\n\t\t\t\t\t<div class=\"elementor-column elementor-col-50 elementor-top-column elementor-element elementor-element-36e85e1\" data-id=\"36e85e1\" data-element_type=\"column\" data-settings=\"{&quot;background_background&quot;:&quot;classic&quot;}\">\n\t\t\t<div class=\"elementor-widget-wrap elementor-element-populated\">\n\t\t\t\t\t\t<div class=\"elementor-element elementor-element-d1b69a5 elementor-widget elementor-widget-spacer\" data-id=\"d1b69a5\" data-element_type=\"widget\" data-widget_type=\"spacer.default\">\n\t\t\t\t<div class=\"elementor-widget-container\">\n\t\t\t\t\t\t\t<div class=\"elementor-spacer\">\n\t\t\t<div class=\"elementor-spacer-inner\"><\/div>\n\t\t<\/div>\n\t\t\t\t\t\t<\/div>\n\t\t\t\t<\/div>\n\t\t\t\t<div class=\"elementor-element elementor-element-4621312 elementor-widget elementor-widget-image\" data-id=\"4621312\" data-element_type=\"widget\" data-widget_type=\"image.default\">\n\t\t\t\t<div class=\"elementor-widget-container\">\n\t\t\t\t\t\t\t\t\t\t\t\t\t\t\t<img fetchpriority=\"high\" decoding=\"async\" width=\"735\" height=\"768\" src=\"https:\/\/festival-ai.com\/wp-content\/uploads\/2024\/05\/our-vaule.png\" class=\"attachment-large size-large wp-image-685\" alt=\"\" srcset=\"https:\/\/festival-ai.com\/wp-content\/uploads\/2024\/05\/our-vaule.png 735w, https:\/\/festival-ai.com\/wp-content\/uploads\/2024\/05\/our-vaule-287x300.png 287w\" sizes=\"(max-width: 735px) 100vw, 735px\" \/>\t\t\t\t\t\t\t\t\t\t\t\t\t\t\t<\/div>\n\t\t\t\t<\/div>\n\t\t\t\t\t<\/div>\n\t\t<\/div>\n\t\t\t\t<div class=\"elementor-column elementor-col-50 elementor-top-column elementor-element elementor-element-523675e\" data-id=\"523675e\" data-element_type=\"column\">\n\t\t\t<div class=\"elementor-widget-wrap elementor-element-populated\">\n\t\t\t\t\t\t<div class=\"elementor-element elementor-element-a17562c elementor-widget elementor-widget-heading\" data-id=\"a17562c\" data-element_type=\"widget\" data-widget_type=\"heading.default\">\n\t\t\t\t<div class=\"elementor-widget-container\">\n\t\t\t\t\t<h2 class=\"elementor-heading-title elementor-size-default\">Festival Ticino e Regione Insubrica<\/h2>\t\t\t\t<\/div>\n\t\t\t\t<\/div>\n\t\t\t\t<div class=\"elementor-element elementor-element-155f65c heading-color elementor-widget elementor-widget-heading\" data-id=\"155f65c\" data-element_type=\"widget\" data-widget_type=\"heading.default\">\n\t\t\t\t<div class=\"elementor-widget-container\">\n\t\t\t\t\t<h2 class=\"elementor-heading-title elementor-size-default\">Perch\u00e9 un <span>Festival AI<\/span> trasfrontaliero?<\/h2>\t\t\t\t<\/div>\n\t\t\t\t<\/div>\n\t\t\t\t<div class=\"elementor-element elementor-element-960dae4 elementor-widget elementor-widget-text-editor\" data-id=\"960dae4\" data-element_type=\"widget\" data-widget_type=\"text-editor.default\">\n\t\t\t\t<div class=\"elementor-widget-container\">\n\t\t\t\t\t\t\t\t\t<p>Il FESTIVAL AI Ticino e Regione Insubrica \u00e8 un&#8217;evento transfrontaliero interamente dedicato all&#8217;Intelligenza Artificiale, un&#8217;opportunit\u00e0 unica per immergersi nel cuore dell&#8217;innovazione e scoprire come questa tecnologia stia trasformando il nostro mondo. Un contesto internazionale che amplifica i benefici, offrendo un&#8217;esperienza coinvolgente e interattiva. Seleziona uno degli eventi<\/p>\t\t\t\t\t\t\t\t<\/div>\n\t\t\t\t<\/div>\n\t\t\t\t\t<\/div>\n\t\t<\/div>\n\t\t\t\t\t<\/div>\n\t\t<\/div>\n\t\t<div class=\"elementor-element elementor-element-7429a54 e-flex e-con-boxed wpr-particle-no wpr-jarallax-no wpr-parallax-no wpr-sticky-section-no e-con e-parent\" data-id=\"7429a54\" data-element_type=\"container\">\n\t\t\t\t\t<div class=\"e-con-inner\">\n\t\t<div class=\"elementor-element elementor-element-e3b2878 e-con-full e-flex wpr-particle-no wpr-jarallax-no wpr-parallax-no wpr-sticky-section-no e-con e-child\" data-id=\"e3b2878\" data-element_type=\"container\">\n\t\t\t\t<div class=\"elementor-element elementor-element-0e147b5 elementor-widget elementor-widget-icon-box\" data-id=\"0e147b5\" data-element_type=\"widget\" data-widget_type=\"icon-box.default\">\n\t\t\t\t<div class=\"elementor-widget-container\">\n\t\t\t\t\t\t\t<div class=\"elementor-icon-box-wrapper\">\n\n\t\t\t\n\t\t\t\t\t\t<div class=\"elementor-icon-box-content\">\n\n\t\t\t\t\t\t\t\t\t<h3 class=\"elementor-icon-box-title\">\n\t\t\t\t\t\t<a href=\"https:\/\/lugano.festival-ai.com\" >\n\t\t\t\t\t\t\tFestival AI Lugano<br>19.11.2026\t\t\t\t\t\t<\/a>\n\t\t\t\t\t<\/h3>\n\t\t\t\t\n\t\t\t\t\t\t\t\t\t<p class=\"elementor-icon-box-description\">\n\t\t\t\t\t\tPalazzo dei congressi Lugano - Ticino - Svizzera\t\t\t\t\t<\/p>\n\t\t\t\t\n\t\t\t<\/div>\n\t\t\t\n\t\t<\/div>\n\t\t\t\t\t\t<\/div>\n\t\t\t\t<\/div>\n\t\t\t\t<div class=\"elementor-element elementor-element-fa2cf8c elementor-align-justify elementor-widget elementor-widget-button\" data-id=\"fa2cf8c\" data-element_type=\"widget\" data-widget_type=\"button.default\">\n\t\t\t\t<div class=\"elementor-widget-container\">\n\t\t\t\t\t\t\t\t\t<div class=\"elementor-button-wrapper\">\n\t\t\t\t\t<a class=\"elementor-button elementor-button-link elementor-size-sm\" href=\"https:\/\/lugano.festival-ai.com\">\n\t\t\t\t\t\t<span class=\"elementor-button-content-wrapper\">\n\t\t\t\t\t\t\t\t\t<span class=\"elementor-button-text\">Scopri di pi\u00f9<\/span>\n\t\t\t\t\t<\/span>\n\t\t\t\t\t<\/a>\n\t\t\t\t<\/div>\n\t\t\t\t\t\t\t\t<\/div>\n\t\t\t\t<\/div>\n\t\t\t\t<div class=\"elementor-element elementor-element-612b218 elementor-widget elementor-widget-google_maps\" data-id=\"612b218\" data-element_type=\"widget\" data-widget_type=\"google_maps.default\">\n\t\t\t\t<div class=\"elementor-widget-container\">\n\t\t\t\t\t\t\t<div class=\"elementor-custom-embed\">\n\t\t\t<iframe loading=\"lazy\"\n\t\t\t\t\tsrc=\"https:\/\/maps.google.com\/maps?q=Palazzo%20dei%20congressi%20Lugano%20-%20Ticino%20-%20Svizzera&#038;t=m&#038;z=10&#038;output=embed&#038;iwloc=near\"\n\t\t\t\t\ttitle=\"Palazzo dei congressi Lugano - Ticino - Svizzera\"\n\t\t\t\t\taria-label=\"Palazzo dei congressi Lugano - Ticino - Svizzera\"\n\t\t\t><\/iframe>\n\t\t<\/div>\n\t\t\t\t\t\t<\/div>\n\t\t\t\t<\/div>\n\t\t\t\t<\/div>\n\t\t<div class=\"elementor-element elementor-element-ba8a661 e-con-full e-flex wpr-particle-no wpr-jarallax-no wpr-parallax-no wpr-sticky-section-no e-con e-child\" data-id=\"ba8a661\" data-element_type=\"container\">\n\t\t\t\t<div class=\"elementor-element elementor-element-60aecbe elementor-widget elementor-widget-icon-box\" data-id=\"60aecbe\" data-element_type=\"widget\" data-widget_type=\"icon-box.default\">\n\t\t\t\t<div class=\"elementor-widget-container\">\n\t\t\t\t\t\t\t<div class=\"elementor-icon-box-wrapper\">\n\n\t\t\t\n\t\t\t\t\t\t<div class=\"elementor-icon-box-content\">\n\n\t\t\t\t\t\t\t\t\t<h3 class=\"elementor-icon-box-title\">\n\t\t\t\t\t\t<a href=\"https:\/\/como.festival-ai.com\/\" >\n\t\t\t\t\t\t\tFestival AI Como<br> 08.10.2026\t\t\t\t\t\t<\/a>\n\t\t\t\t\t<\/h3>\n\t\t\t\t\n\t\t\t\t\t\t\t\t\t<p class=\"elementor-icon-box-description\">\n\t\t\t\t\t\tSheraton Lake Como Hotel- Como - Italia\n\t\t\t\t\t<\/p>\n\t\t\t\t\n\t\t\t<\/div>\n\t\t\t\n\t\t<\/div>\n\t\t\t\t\t\t<\/div>\n\t\t\t\t<\/div>\n\t\t\t\t<div class=\"elementor-element elementor-element-72b1043 elementor-align-justify elementor-widget elementor-widget-button\" data-id=\"72b1043\" data-element_type=\"widget\" data-widget_type=\"button.default\">\n\t\t\t\t<div class=\"elementor-widget-container\">\n\t\t\t\t\t\t\t\t\t<div class=\"elementor-button-wrapper\">\n\t\t\t\t\t<a class=\"elementor-button elementor-button-link elementor-size-sm\" href=\"https:\/\/como.festival-ai.com\/\">\n\t\t\t\t\t\t<span class=\"elementor-button-content-wrapper\">\n\t\t\t\t\t\t\t\t\t<span class=\"elementor-button-text\">Scopri di pi\u00f9<\/span>\n\t\t\t\t\t<\/span>\n\t\t\t\t\t<\/a>\n\t\t\t\t<\/div>\n\t\t\t\t\t\t\t\t<\/div>\n\t\t\t\t<\/div>\n\t\t\t\t<div class=\"elementor-element elementor-element-9fc3755 elementor-widget elementor-widget-google_maps\" data-id=\"9fc3755\" data-element_type=\"widget\" data-widget_type=\"google_maps.default\">\n\t\t\t\t<div class=\"elementor-widget-container\">\n\t\t\t\t\t\t\t<div class=\"elementor-custom-embed\">\n\t\t\t<iframe loading=\"lazy\"\n\t\t\t\t\tsrc=\"https:\/\/maps.google.com\/maps?q=Hilton%20Lake%20Como%20-%20Como%20-%20Italia&#038;t=m&#038;z=10&#038;output=embed&#038;iwloc=near\"\n\t\t\t\t\ttitle=\"Hilton Lake Como - Como - Italia\"\n\t\t\t\t\taria-label=\"Hilton Lake Como - Como - Italia\"\n\t\t\t><\/iframe>\n\t\t<\/div>\n\t\t\t\t\t\t<\/div>\n\t\t\t\t<\/div>\n\t\t\t\t<\/div>\n\t\t<div class=\"elementor-element elementor-element-0a53453 e-con-full e-flex wpr-particle-no wpr-jarallax-no wpr-parallax-no wpr-sticky-section-no e-con e-child\" data-id=\"0a53453\" data-element_type=\"container\">\n\t\t\t\t<div class=\"elementor-element elementor-element-51d6b46 elementor-widget elementor-widget-icon-box\" data-id=\"51d6b46\" data-element_type=\"widget\" data-widget_type=\"icon-box.default\">\n\t\t\t\t<div class=\"elementor-widget-container\">\n\t\t\t\t\t\t\t<div class=\"elementor-icon-box-wrapper\">\n\n\t\t\t\n\t\t\t\t\t\t<div class=\"elementor-icon-box-content\">\n\n\t\t\t\t\t\t\t\t\t<h3 class=\"elementor-icon-box-title\">\n\t\t\t\t\t\t<a href=\"https:\/\/como.festival-ai.com\/\" >\n\t\t\t\t\t\t\tCall for Project \t\t\t\t\t\t<\/a>\n\t\t\t\t\t<\/h3>\n\t\t\t\t\n\t\t\t\t\t\t\t\t\t<p class=\"elementor-icon-box-description\">\n\t\t\t\t\t\tApertura call progetti il 1 Aprile 2026\nChiusura candidature progetti il 15 Settembre 2026\n\n\t\t\t\t\t<\/p>\n\t\t\t\t\n\t\t\t<\/div>\n\t\t\t\n\t\t<\/div>\n\t\t\t\t\t\t<\/div>\n\t\t\t\t<\/div>\n\t\t\t\t<div class=\"elementor-element elementor-element-d276b25 elementor-align-justify elementor-widget elementor-widget-button\" data-id=\"d276b25\" data-element_type=\"widget\" data-widget_type=\"button.default\">\n\t\t\t\t<div class=\"elementor-widget-container\">\n\t\t\t\t\t\t\t\t\t<div class=\"elementor-button-wrapper\">\n\t\t\t\t\t<a class=\"elementor-button elementor-button-link elementor-size-sm\" href=\"https:\/\/festival-ai.com\/home1\/project\/\">\n\t\t\t\t\t\t<span class=\"elementor-button-content-wrapper\">\n\t\t\t\t\t\t\t\t\t<span class=\"elementor-button-text\">Scopri di pi\u00f9<\/span>\n\t\t\t\t\t<\/span>\n\t\t\t\t\t<\/a>\n\t\t\t\t<\/div>\n\t\t\t\t\t\t\t\t<\/div>\n\t\t\t\t<\/div>\n\t\t\t\t<div class=\"elementor-element elementor-element-cf9e463 elementor-widget elementor-widget-image\" data-id=\"cf9e463\" data-element_type=\"widget\" data-widget_type=\"image.default\">\n\t\t\t\t<div class=\"elementor-widget-container\">\n\t\t\t\t\t\t\t\t\t\t\t\t\t\t\t<img decoding=\"async\" width=\"800\" height=\"700\" src=\"https:\/\/festival-ai.com\/wp-content\/uploads\/2026\/03\/Progetto-senza-titolo-10.png\" class=\"attachment-large size-large wp-image-2140\" alt=\"\" srcset=\"https:\/\/festival-ai.com\/wp-content\/uploads\/2026\/03\/Progetto-senza-titolo-10.png 800w, https:\/\/festival-ai.com\/wp-content\/uploads\/2026\/03\/Progetto-senza-titolo-10-300x263.png 300w, https:\/\/festival-ai.com\/wp-content\/uploads\/2026\/03\/Progetto-senza-titolo-10-768x672.png 768w\" sizes=\"(max-width: 800px) 100vw, 800px\" \/>\t\t\t\t\t\t\t\t\t\t\t\t\t\t\t<\/div>\n\t\t\t\t<\/div>\n\t\t\t\t<\/div>\n\t\t\t\t\t<\/div>\n\t\t\t\t<\/div>\n\t\t\t\t<\/div>\n\t\t","protected":false},"excerpt":{"rendered":"<p>Festival Ticino e Regione Insubrica Perch\u00e9 un Festival AI trasfrontaliero? Il FESTIVAL AI Ticino e Regione Insubrica \u00e8 un&#8217;evento transfrontaliero interamente dedicato all&#8217;Intelligenza Artificiale, un&#8217;opportunit\u00e0 unica per immergersi nel cuore dell&#8217;innovazione e scoprire come questa tecnologia stia trasformando il nostro mondo. Un contesto internazionale che amplifica i benefici, offrendo un&#8217;esperienza coinvolgente e interattiva. Seleziona uno degli eventi Festival AI Lugano19.11.2026 Palazzo dei congressi Lugano &#8211; Ticino &#8211; Svizzera Scopri di pi\u00f9 Festival AI Como 08.10.2026 Sheraton Lake Como Hotel- Como &#8211; Italia Scopri di pi\u00f9 Call for Project Apertura call progetti il 1 Aprile 2026 Chiusura candidature progetti il 15 Settembre 2026 Scopri di pi\u00f9<\/p>\n","protected":false},"author":1,"featured_media":1472,"parent":0,"menu_order":0,"comment_status":"closed","ping_status":"closed","template":"","meta":{"_kad_post_transparent":"","_kad_post_title":"hide","_kad_post_layout":"default","_kad_post_sidebar_id":"","_kad_post_content_style":"unboxed","_kad_post_vertical_padding":"hide","_kad_post_feature":"hide","_kad_post_feature_position":"","_kad_post_header":false,"_kad_post_footer":false,"footnotes":""},"class_list":["post-945","page","type-page","status-publish","has-post-thumbnail","hentry"],"yoast_head":"<!-- This site is optimized with the Yoast SEO plugin v26.7 - https:\/\/yoast.com\/wordpress\/plugins\/seo\/ -->\n<title>home - Festival AI<\/title>\n<meta name=\"description\" content=\"Il \u201cFESTIVAL AI Ticino e Regione Insubrica\u201d \u00e8 il primo Festival transfrontaliero dedicato al tema dell&#039; Intelligenza Artificiale. Un evento unico che ti porter\u00e0 alla scoperta di questa tecnologia rivoluzionaria e del suo impatto su ogni aspetto della nostra vita.\" \/>\n<meta name=\"robots\" content=\"index, follow, max-snippet:-1, max-image-preview:large, max-video-preview:-1\" \/>\n<link rel=\"canonical\" href=\"https:\/\/festival-ai.com\/home1\/\" \/>\n<meta property=\"og:locale\" content=\"it_IT\" \/>\n<meta property=\"og:type\" content=\"article\" \/>\n<meta property=\"og:title\" content=\"home - Festival AI\" \/>\n<meta property=\"og:description\" content=\"Il \u201cFESTIVAL AI Ticino e Regione Insubrica\u201d \u00e8 il primo Festival transfrontaliero dedicato al tema dell&#039; Intelligenza Artificiale. Un evento unico che ti porter\u00e0 alla scoperta di questa tecnologia rivoluzionaria e del suo impatto su ogni aspetto della nostra vita.\" \/>\n<meta property=\"og:url\" content=\"https:\/\/festival-ai.com\/home1\/\" \/>\n<meta property=\"og:site_name\" content=\"Festival AI\" \/>\n<meta property=\"article:modified_time\" content=\"2026-03-11T14:33:04+00:00\" \/>\n<meta property=\"og:image\" content=\"https:\/\/festival-ai.com\/wp-content\/uploads\/2024\/12\/Progetto-senza-titolo-2024-12-05T192047.412.png\" \/>\n\t<meta property=\"og:image:width\" content=\"1080\" \/>\n\t<meta property=\"og:image:height\" content=\"1080\" \/>\n\t<meta property=\"og:image:type\" content=\"image\/png\" \/>\n<meta name=\"twitter:card\" content=\"summary_large_image\" \/>\n<meta name=\"twitter:label1\" content=\"Tempo di lettura stimato\" \/>\n\t<meta name=\"twitter:data1\" content=\"1 minuto\" \/>\n<script type=\"application\/ld+json\" class=\"yoast-schema-graph\">{\"@context\":\"https:\/\/schema.org\",\"@graph\":[{\"@type\":\"WebPage\",\"@id\":\"https:\/\/festival-ai.com\/home1\/\",\"url\":\"https:\/\/festival-ai.com\/home1\/\",\"name\":\"home - Festival AI\",\"isPartOf\":{\"@id\":\"https:\/\/festival-ai.com\/home1\/#website\"},\"primaryImageOfPage\":{\"@id\":\"https:\/\/festival-ai.com\/home1\/#primaryimage\"},\"image\":{\"@id\":\"https:\/\/festival-ai.com\/home1\/#primaryimage\"},\"thumbnailUrl\":\"https:\/\/festival-ai.com\/wp-content\/uploads\/2024\/12\/Progetto-senza-titolo-2024-12-05T192047.412.png\",\"datePublished\":\"2024-05-20T10:22:29+00:00\",\"dateModified\":\"2026-03-11T14:33:04+00:00\",\"description\":\"Il \u201cFESTIVAL AI Ticino e Regione Insubrica\u201d \u00e8 il primo Festival transfrontaliero dedicato al tema dell' Intelligenza Artificiale. Un evento unico che ti porter\u00e0 alla scoperta di questa tecnologia rivoluzionaria e del suo impatto su ogni aspetto della nostra vita.\",\"breadcrumb\":{\"@id\":\"https:\/\/festival-ai.com\/home1\/#breadcrumb\"},\"inLanguage\":\"it-IT\",\"potentialAction\":[{\"@type\":\"ReadAction\",\"target\":[\"https:\/\/festival-ai.com\/home1\/\"]}]},{\"@type\":\"ImageObject\",\"inLanguage\":\"it-IT\",\"@id\":\"https:\/\/festival-ai.com\/home1\/#primaryimage\",\"url\":\"https:\/\/festival-ai.com\/wp-content\/uploads\/2024\/12\/Progetto-senza-titolo-2024-12-05T192047.412.png\",\"contentUrl\":\"https:\/\/festival-ai.com\/wp-content\/uploads\/2024\/12\/Progetto-senza-titolo-2024-12-05T192047.412.png\",\"width\":1080,\"height\":1080},{\"@type\":\"BreadcrumbList\",\"@id\":\"https:\/\/festival-ai.com\/home1\/#breadcrumb\",\"itemListElement\":[{\"@type\":\"ListItem\",\"position\":1,\"name\":\"Home\",\"item\":\"https:\/\/festival-ai.com\/home1\/\"},{\"@type\":\"ListItem\",\"position\":2,\"name\":\"home\"}]},{\"@type\":\"WebSite\",\"@id\":\"https:\/\/festival-ai.com\/home1\/#website\",\"url\":\"https:\/\/festival-ai.com\/home1\/\",\"name\":\"Festival AI\",\"description\":\"\",\"publisher\":{\"@id\":\"https:\/\/festival-ai.com\/home1\/#organization\"},\"potentialAction\":[{\"@type\":\"SearchAction\",\"target\":{\"@type\":\"EntryPoint\",\"urlTemplate\":\"https:\/\/festival-ai.com\/home1\/?s={search_term_string}\"},\"query-input\":{\"@type\":\"PropertyValueSpecification\",\"valueRequired\":true,\"valueName\":\"search_term_string\"}}],\"inLanguage\":\"it-IT\"},{\"@type\":\"Organization\",\"@id\":\"https:\/\/festival-ai.com\/home1\/#organization\",\"name\":\"Festival AI\",\"url\":\"https:\/\/festival-ai.com\/home1\/\",\"logo\":{\"@type\":\"ImageObject\",\"inLanguage\":\"it-IT\",\"@id\":\"https:\/\/festival-ai.com\/home1\/#\/schema\/logo\/image\/\",\"url\":\"https:\/\/festival-ai.com\/wp-content\/uploads\/2024\/12\/Progetto-senza-titolo-2024-12-05T192047.412.png\",\"contentUrl\":\"https:\/\/festival-ai.com\/wp-content\/uploads\/2024\/12\/Progetto-senza-titolo-2024-12-05T192047.412.png\",\"width\":1080,\"height\":1080,\"caption\":\"Festival AI\"},\"image\":{\"@id\":\"https:\/\/festival-ai.com\/home1\/#\/schema\/logo\/image\/\"}}]}<\/script>\n<!-- \/ Yoast SEO plugin. -->","yoast_head_json":{"title":"home - Festival AI","description":"Il \u201cFESTIVAL AI Ticino e Regione Insubrica\u201d \u00e8 il primo Festival transfrontaliero dedicato al tema dell' Intelligenza Artificiale. Un evento unico che ti porter\u00e0 alla scoperta di questa tecnologia rivoluzionaria e del suo impatto su ogni aspetto della nostra vita.","robots":{"index":"index","follow":"follow","max-snippet":"max-snippet:-1","max-image-preview":"max-image-preview:large","max-video-preview":"max-video-preview:-1"},"canonical":"https:\/\/festival-ai.com\/home1\/","og_locale":"it_IT","og_type":"article","og_title":"home - Festival AI","og_description":"Il \u201cFESTIVAL AI Ticino e Regione Insubrica\u201d \u00e8 il primo Festival transfrontaliero dedicato al tema dell' Intelligenza Artificiale. Un evento unico che ti porter\u00e0 alla scoperta di questa tecnologia rivoluzionaria e del suo impatto su ogni aspetto della nostra vita.","og_url":"https:\/\/festival-ai.com\/home1\/","og_site_name":"Festival AI","article_modified_time":"2026-03-11T14:33:04+00:00","og_image":[{"width":1080,"height":1080,"url":"https:\/\/festival-ai.com\/wp-content\/uploads\/2024\/12\/Progetto-senza-titolo-2024-12-05T192047.412.png","type":"image\/png"}],"twitter_card":"summary_large_image","twitter_misc":{"Tempo di lettura stimato":"1 minuto"},"schema":{"@context":"https:\/\/schema.org","@graph":[{"@type":"WebPage","@id":"https:\/\/festival-ai.com\/home1\/","url":"https:\/\/festival-ai.com\/home1\/","name":"home - Festival AI","isPartOf":{"@id":"https:\/\/festival-ai.com\/home1\/#website"},"primaryImageOfPage":{"@id":"https:\/\/festival-ai.com\/home1\/#primaryimage"},"image":{"@id":"https:\/\/festival-ai.com\/home1\/#primaryimage"},"thumbnailUrl":"https:\/\/festival-ai.com\/wp-content\/uploads\/2024\/12\/Progetto-senza-titolo-2024-12-05T192047.412.png","datePublished":"2024-05-20T10:22:29+00:00","dateModified":"2026-03-11T14:33:04+00:00","description":"Il \u201cFESTIVAL AI Ticino e Regione Insubrica\u201d \u00e8 il primo Festival transfrontaliero dedicato al tema dell' Intelligenza Artificiale. Un evento unico che ti porter\u00e0 alla scoperta di questa tecnologia rivoluzionaria e del suo impatto su ogni aspetto della nostra vita.","breadcrumb":{"@id":"https:\/\/festival-ai.com\/home1\/#breadcrumb"},"inLanguage":"it-IT","potentialAction":[{"@type":"ReadAction","target":["https:\/\/festival-ai.com\/home1\/"]}]},{"@type":"ImageObject","inLanguage":"it-IT","@id":"https:\/\/festival-ai.com\/home1\/#primaryimage","url":"https:\/\/festival-ai.com\/wp-content\/uploads\/2024\/12\/Progetto-senza-titolo-2024-12-05T192047.412.png","contentUrl":"https:\/\/festival-ai.com\/wp-content\/uploads\/2024\/12\/Progetto-senza-titolo-2024-12-05T192047.412.png","width":1080,"height":1080},{"@type":"BreadcrumbList","@id":"https:\/\/festival-ai.com\/home1\/#breadcrumb","itemListElement":[{"@type":"ListItem","position":1,"name":"Home","item":"https:\/\/festival-ai.com\/home1\/"},{"@type":"ListItem","position":2,"name":"home"}]},{"@type":"WebSite","@id":"https:\/\/festival-ai.com\/home1\/#website","url":"https:\/\/festival-ai.com\/home1\/","name":"Festival AI","description":"","publisher":{"@id":"https:\/\/festival-ai.com\/home1\/#organization"},"potentialAction":[{"@type":"SearchAction","target":{"@type":"EntryPoint","urlTemplate":"https:\/\/festival-ai.com\/home1\/?s={search_term_string}"},"query-input":{"@type":"PropertyValueSpecification","valueRequired":true,"valueName":"search_term_string"}}],"inLanguage":"it-IT"},{"@type":"Organization","@id":"https:\/\/festival-ai.com\/home1\/#organization","name":"Festival AI","url":"https:\/\/festival-ai.com\/home1\/","logo":{"@type":"ImageObject","inLanguage":"it-IT","@id":"https:\/\/festival-ai.com\/home1\/#\/schema\/logo\/image\/","url":"https:\/\/festival-ai.com\/wp-content\/uploads\/2024\/12\/Progetto-senza-titolo-2024-12-05T192047.412.png","contentUrl":"https:\/\/festival-ai.com\/wp-content\/uploads\/2024\/12\/Progetto-senza-titolo-2024-12-05T192047.412.png","width":1080,"height":1080,"caption":"Festival AI"},"image":{"@id":"https:\/\/festival-ai.com\/home1\/#\/schema\/logo\/image\/"}}]}},"_links":{"self":[{"href":"https:\/\/festival-ai.com\/home1\/wp-json\/wp\/v2\/pages\/945","targetHints":{"allow":["GET"]}}],"collection":[{"href":"https:\/\/festival-ai.com\/home1\/wp-json\/wp\/v2\/pages"}],"about":[{"href":"https:\/\/festival-ai.com\/home1\/wp-json\/wp\/v2\/types\/page"}],"author":[{"embeddable":true,"href":"https:\/\/festival-ai.com\/home1\/wp-json\/wp\/v2\/users\/1"}],"replies":[{"embeddable":true,"href":"https:\/\/festival-ai.com\/home1\/wp-json\/wp\/v2\/comments?post=945"}],"version-history":[{"count":211,"href":"https:\/\/festival-ai.com\/home1\/wp-json\/wp\/v2\/pages\/945\/revisions"}],"predecessor-version":[{"id":2152,"href":"https:\/\/festival-ai.com\/home1\/wp-json\/wp\/v2\/pages\/945\/revisions\/2152"}],"wp:featuredmedia":[{"embeddable":true,"href":"https:\/\/festival-ai.com\/home1\/wp-json\/wp\/v2\/media\/1472"}],"wp:attachment":[{"href":"https:\/\/festival-ai.com\/home1\/wp-json\/wp\/v2\/media?parent=945"}],"curies":[{"name":"wp","href":"https:\/\/api.w.org\/{rel}","templated":true}]}}